{"id":194,"date":"2021-07-06T10:37:55","date_gmt":"2021-07-06T10:37:55","guid":{"rendered":"https:\/\/neologicenergia.com\/?page_id=194"},"modified":"2021-08-02T09:59:32","modified_gmt":"2021-08-02T09:59:32","slug":"politica-de-cookies","status":"publish","type":"page","link":"https:\/\/neologicenergia.com\/?page_id=194","title":{"rendered":"Pol\u00edtica de cookies"},"content":{"rendered":"<p><strong>Neologic Energ\u00eda<\/strong>, en cumplimiento de la Ley 34\/2002, de 11 de julio, de servicios de la sociedad de la informaci\u00f3n y de comercio electr\u00f3nico (LSSI). Texto consolidado a fecha 10 de mayo de 2014 (Art\u00edculos 2 en relaci\u00f3n con la definici\u00f3n del Anexo a), 22.2, 37, 38.4 g), 38.3 i) informa acerca de la Pol\u00edtica de cookies de su sitio web a trav\u00e9s de los siguientes p\u00e1rrafos.<br \/>\nPara m\u00e1s informaci\u00f3n acerca de esta pol\u00edtica u otras de la web: <a href=\"mailto:info@welaw.es\">administracion@longsystems.es<\/a><\/p>\n<p><strong>\u00bfQu\u00e9 son las cookies?<\/strong><br \/>\nUna cookie es un archivo que se descarga y almacena en el equipo del usuario al acceder a determinadas p\u00e1ginas web, para almacenar y recuperar informaci\u00f3n sobre la navegaci\u00f3n que se realiza desde ese equipo. Las cookies son esenciales para el funcionamiento de Internet, aportando ventajas para la prestaci\u00f3n de servicios interactivos, facilit\u00e1ndole la navegaci\u00f3n y usabilidad de nuestra web. Tenga en cuenta que las cookies no pueden da\u00f1ar su equipo y que a cambio el que est\u00e9n activadas nos ayudan a identificar y resolver los errores.<\/p>\n<p><strong>Bloqueo o deshabilitado de Cookies <\/strong><br \/>\nEl usuario puede permitir, bloquear o eliminar el registro de los datos facilitados por las cookies instaladas en tu equipo mediante la configuraci\u00f3n de las opciones del navegador instalado en su ordenador el plug-in de navegador disponible a trav\u00e9s del siguiente enlace:<a href=\"https:\/\/tools.google.com\/dlpage\/gaoptout?hl=es.\" target=\"_blank\" rel=\"noopener\">https:\/\/tools.google.com\/dlpage\/gaoptout?hl=es.<\/a><\/p>\n<p>Proporcionamos adem\u00e1s los siguientes enlaces en relaci\u00f3n con el bloqueo o deshabilitado de las cookies en los diferentes navegadores:<br \/>\nInformaci\u00f3n sobre Firefox:\u00a0<a href=\"https:\/\/support.mozilla.org\/es\/kb\/cookies-informacion-que-los-sitios-web-guardan-en-\" target=\"_blank\" rel=\"noopener\">https:\/\/support.mozilla.org\/es\/kb\/cookies-informacion-que-los-sitios-web-guardan-en-<\/a><br \/>\nInformaci\u00f3n sobre Explorer:\u00a0<a href=\"http:\/\/windows.microsoft.com\/es-es\/windows7\/how-to-manage-cookies-in-internet-explorer-9\" target=\"_blank\" rel=\"noopener\">http:\/\/windows.microsoft.com\/es-es\/windows7\/how-to-manage-cookies-in-internet-explorer-9<\/a><br \/>\nInformaci\u00f3n sobre Safari:\u00a0<a href=\"http:\/\/support.apple.com\/kb\/ph5042\" target=\"_blank\" rel=\"noopener\">http:\/\/support.apple.com\/kb\/ph5042<\/a><br \/>\nInformaci\u00f3n sobre Opera:\u00a0<a href=\"http:\/\/help.opera.com\/Windows\/11.50\/es-ES\/cookies.html\" target=\"_blank\" rel=\"noopener\">http:\/\/help.opera.com\/Windows\/11.50\/es-ES\/cookies.html<\/a><br \/>\nInformaci\u00f3n sobre Google:\u00a0<a href=\"http:\/\/support.google.com\/chrome\/bin\/answer.py?hl=es&amp;answer=95647\" target=\"_blank\" rel=\"noopener\">http:\/\/support.google.com\/chrome\/bin\/answer.py?hl=es&amp;answer=95647<\/a><\/p>\n","protected":false},"excerpt":{"rendered":"<p>Neologic Energ\u00eda, en cumplimiento de la Ley 34\/2002, de 11 de julio, de servicios de la sociedad de la informaci\u00f3n y de comercio electr\u00f3nico (LSSI). Texto consolidado a fecha 10 de mayo de 2014 (Art\u00edculos 2 en relaci\u00f3n con la&hellip;<\/p>\n","protected":false},"author":1,"featured_media":0,"parent":0,"menu_order":20,"comment_status":"closed","ping_status":"closed","template":"templates\/no-sidebar.php","meta":{"footnotes":""},"class_list":["post-194","page","type-page","status-publish","hentry","entry","no-media"],"_links":{"self":[{"href":"https:\/\/neologicenergia.com\/index.php?rest_route=\/wp\/v2\/pages\/194","targetHints":{"allow":["GET"]}}],"collection":[{"href":"https:\/\/neologicenergia.com\/index.php?rest_route=\/wp\/v2\/pages"}],"about":[{"href":"https:\/\/neologicenergia.com\/index.php?rest_route=\/wp\/v2\/types\/page"}],"author":[{"embeddable":true,"href":"https:\/\/neologicenergia.com\/index.php?rest_route=\/wp\/v2\/users\/1"}],"replies":[{"embeddable":true,"href":"https:\/\/neologicenergia.com\/index.php?rest_route=%2Fwp%2Fv2%2Fcomments&post=194"}],"version-history":[{"count":6,"href":"https:\/\/neologicenergia.com\/index.php?rest_route=\/wp\/v2\/pages\/194\/revisions"}],"predecessor-version":[{"id":534,"href":"https:\/\/neologicenergia.com\/index.php?rest_route=\/wp\/v2\/pages\/194\/revisions\/534"}],"wp:attachment":[{"href":"https:\/\/neologicenergia.com\/index.php?rest_route=%2Fwp%2Fv2%2Fmedia&parent=194"}],"curies":[{"name":"wp","href":"https:\/\/api.w.org\/{rel}","templated":true}]}}