{"id":3,"date":"2021-04-30T09:40:24","date_gmt":"2021-04-30T09:40:24","guid":{"rendered":"https:\/\/neologicenergia.com\/?page_id=3"},"modified":"2021-08-02T10:03:04","modified_gmt":"2021-08-02T10:03:04","slug":"politica-privacidad","status":"publish","type":"page","link":"https:\/\/neologicenergia.com\/?page_id=3","title":{"rendered":"Pol\u00edtica de privacidad"},"content":{"rendered":"<p><strong>1.- Responsable:<\/strong><\/p>\n<ul>\n<li>Titular: LONG SYSTEMS SL\n<li>Domicilio social: Pol\u00edgono de Silvota, C\/ Pe\u00f1a Santa, s\/n, Centro de Servicios local 4, 33192, LLANERA (ASTURIAS)<\/li>\n<li>CIF B74398447<\/li>\n<li>Datos registrales: Registro Mercantil de ASTURIAS T4162, F 42, S 1, H AS 48907<\/li>\n<li>E-mail:\u00a0<u><a href=\"mailto:administracion@longsystems.es\">administracion@longsystems.es<\/a><\/u><\/li>\n<li>Tel\u00e9fono: 985 757 446<\/li>\n<\/ul>\n<p><strong>2.- Finalidad<\/strong><br \/>\nLos datos de car\u00e1cter personal que nos facilite a trav\u00e9s del formulario de la p\u00e1gina de contacto de neologicenergia.com (en adelante \u201cSitio Web\u201d) as\u00ed como los que nos facilite en el futuro, ser\u00e1n incorporados a un registro de las actividades de tratamiento de datos titularidad de neologicenergia.com y mantenido bajo su responsabilidad.<br \/>\nLa finalidad de dicho registro de las actividades de tratamiento es gestionar la relaci\u00f3n de neologicenergia.com con los usuarios del Sitio Web y otros clientes y proporcionarles la informaci\u00f3n que nos soliciten y la gesti\u00f3n de los servicios que nos contraten. Adem\u00e1s, nos servir\u00e1 para mantenerle informado acerca de nuestros servicios, utilizando para ello la direcci\u00f3n de correo electr\u00f3nico u otros datos de contacto facilitados por el usuario con su consentimiento expreso.<br \/>\nLa informaci\u00f3n que facilita en los formularios de recogida de datos es voluntaria; no obstante, en caso de que no nos la facilite, no podremos prestarte el servicio. Ser\u00e1 su obligaci\u00f3n mantener actualizados los datos de forma tal que correspondan a la realidad en cada momento. Cualquier manifestaci\u00f3n falsa o inexacta que se produzca como consecuencia de los datos aportados, as\u00ed como los perjuicios que tal informaci\u00f3n pudiera causar a neologicenergia.com, ser\u00e1n responsabilidad del usuario.<br \/>\nLos datos personales proporcionados se conservar\u00e1n mientras no solicite su supresi\u00f3n, con un l\u00edmite de 6 a\u00f1os.<\/p>\n<p><strong>3.- Legitimaci\u00f3n<\/strong><br \/>\nLa base legal para el tratamiento de sus datos es su consentimiento.<br \/>\nneologicenergia.comno tomar\u00e1 decisiones automatizadas, perfiles \u00f3 l\u00f3gica aplicada a sus datos.<br \/>\nNo se tratan datos especialmente protegidos.<\/p>\n<p><strong>4.- Destinatarios<\/strong><br \/>\nneologicenergia.com no ceder\u00e1 datos a terceros salvo obligaci\u00f3n legal.<\/p>\n<p><strong>5.- Derechos<\/strong><br \/>\nCualquier persona tiene derecho a obtener confirmaci\u00f3n sobre si en neologicenergia.com estamos tratado datos personales que les conciernan, o no.<br \/>\nLas personas interesadas tienen <strong>derecho a acceder<\/strong> a sus datos personales, as\u00ed como a <strong>solicitar la rectificaci\u00f3n<\/strong> de los datos inexactos o, en su caso, <strong>solicitar su supresi\u00f3n<\/strong> cuando, entre otros motivos, los datos ya no sean necesarios para los fines que fueron recogidos.<br \/>\nEn determinadas circunstancias, los interesados podr\u00e1n <strong>solicitar la limitaci\u00f3n del tratamiento<\/strong> de sus datos, en cuyo caso \u00fanicamente los conservaremos para el ejercicio o la defensa de reclamaciones.<br \/>\nEn determinadas circunstancias, y por motivos relacionados con su situaci\u00f3n particular, los interesados <strong>podr\u00e1n oponerse al tratamiento<\/strong> de sus datos. neologicenergia.com dejar\u00e1 de tratar los datos, salvo por motivos leg\u00edtimos imperiosos, o el ejercicio o la defensa de posibles reclamaciones.<br \/>\nResumen de Derechos:<\/p>\n<ul>\n<li>Derecho a solicitar el acceso a sus datos personales.<\/li>\n<li>Derecho a solicitar su rectificaci\u00f3n o supresi\u00f3n.<\/li>\n<li>Derecho a solicitar la limitaci\u00f3n de su tratamiento.<\/li>\n<li>Derecho a oponerse al tratamiento.<\/li>\n<li>Derecho a la portabilidad de los datos.<\/li>\n<li>Derecho a retirar el consentimiento prestado.<\/li>\n<\/ul>\n<p>El usuario podr\u00e1 ejercer los mencionados derechos en cualquier momento, mediante escrito dirigido a la siguiente direcci\u00f3n de correo electr\u00f3nico administracion@longsystems.es o al domicilio de neologicenergia.com sito en:<br \/>\nPol\u00edgono de Silvota | C\/ Pe\u00f1a Santa, s\/n, Centro de Servicios local 4, 33192, LLANERA (ASTURIAS)<br \/>\nPara poder tramitar la solicitud de ejercicio de derechos, ser\u00e1 necesario comprobar la identidad del usuario, por lo que dicha comunicaci\u00f3n deber\u00e1 incluir nombre y apellidos, petici\u00f3n en que se concreta la solicitud, direcci\u00f3n a efectos de notificaciones, fecha, firma y fotocopia del DNI u otro documento v\u00e1lido identificativo. El ejercicio de estos derechos no afectar\u00e1 en modo alguno al acceso a la p\u00e1gina web.<br \/>\nPara m\u00e1s informaci\u00f3n sobre el ejercicio de derechos, puede acudir a la web de la <a target=\"_blank\" href=\"http:\/\/www.agpd.es\/portalwebAGPD\/CanalDelCiudadano\/ejercicio_derechos\/index-ides-idphp.php\" rel=\"noopener\">Agencia Espa\u00f1ola de Protecci\u00f3n de Datos.<\/a><br \/>\nSi considera que hay un problema con la forma en que neologicenergia.com est\u00e1 tratando sus datos, puede dirigir sus reclamaciones a la autoridad de protecci\u00f3n de datos que corresponda, siendo la Agencia Espa\u00f1ola de Protecci\u00f3n de Datos la indicada en el caso de Espa\u00f1a.<\/p>\n<p><strong>6.- Modificaci\u00f3n de la pol\u00edtica de privacidad<\/strong><br \/>\nneologicenergia.com podr\u00e1 modificar la presente Pol\u00edtica de Privacidad en cualquier momento, siendo publicadas las sucesivas versiones en el Sitio Web. En cualquier caso, neologicenergia.com comunicar\u00e1 con previo aviso las modificaciones de la presente pol\u00edtica que afecten a los usuarios a fin de que puedan aceptar las mismas.<br \/>\nLa presente Pol\u00edtica de Privacidad se encuentra actualizada a fecha 25\/05\/2018 neologicenergia.com (Espa\u00f1a). Reservados todos los derechos.<\/p>\n","protected":false},"excerpt":{"rendered":"<p>1.- Responsable: Titular: LONG SYSTEMS SL Domicilio social: Pol\u00edgono de Silvota, C\/ Pe\u00f1a Santa, s\/n, Centro de Servicios local 4, 33192, LLANERA (ASTURIAS) CIF B74398447 Datos registrales: Registro Mercantil de ASTURIAS T4162, F 42, S 1, H AS 48907 E-mail:\u00a0administracion@longsystems.es&hellip;<\/p>\n","protected":false},"author":1,"featured_media":0,"parent":0,"menu_order":21,"comment_status":"closed","ping_status":"closed","template":"templates\/no-sidebar.php","meta":{"footnotes":""},"class_list":["post-3","page","type-page","status-publish","hentry","entry","no-media"],"_links":{"self":[{"href":"https:\/\/neologicenergia.com\/index.php?rest_route=\/wp\/v2\/pages\/3","targetHints":{"allow":["GET"]}}],"collection":[{"href":"https:\/\/neologicenergia.com\/index.php?rest_route=\/wp\/v2\/pages"}],"about":[{"href":"https:\/\/neologicenergia.com\/index.php?rest_route=\/wp\/v2\/types\/page"}],"author":[{"embeddable":true,"href":"https:\/\/neologicenergia.com\/index.php?rest_route=\/wp\/v2\/users\/1"}],"replies":[{"embeddable":true,"href":"https:\/\/neologicenergia.com\/index.php?rest_route=%2Fwp%2Fv2%2Fcomments&post=3"}],"version-history":[{"count":12,"href":"https:\/\/neologicenergia.com\/index.php?rest_route=\/wp\/v2\/pages\/3\/revisions"}],"predecessor-version":[{"id":539,"href":"https:\/\/neologicenergia.com\/index.php?rest_route=\/wp\/v2\/pages\/3\/revisions\/539"}],"wp:attachment":[{"href":"https:\/\/neologicenergia.com\/index.php?rest_route=%2Fwp%2Fv2%2Fmedia&parent=3"}],"curies":[{"name":"wp","href":"https:\/\/api.w.org\/{rel}","templated":true}]}}