{"id":317,"date":"2021-07-13T08:46:41","date_gmt":"2021-07-13T08:46:41","guid":{"rendered":"https:\/\/neologicenergia.com\/?page_id=317"},"modified":"2021-07-13T10:56:24","modified_gmt":"2021-07-13T10:56:24","slug":"enviar-factura","status":"publish","type":"page","link":"https:\/\/neologicenergia.com\/?page_id=317","title":{"rendered":"Enviar factura"},"content":{"rendered":"[vc_row][vc_column width=\u00bb1\/2&#8243;][vc_column_text]<span class=\"green\">Simplificamos los procesos<\/span> y, como sabemos que el tiempo es oro, basta con que nos hagas llegar tu \u00faltima factura, rellenando el siguiente formulario, y <span class=\"green\">nuestro equipo se encarga de todo<\/span>.<\/p>\n<p>Mandamos una <span class=\"green\">comparativa sin compromiso<\/span> y ah\u00ed decides si quieres empezar a ahorrar!<\/p>\n<p>Si el ahorro propuesto no te resulta suficiente, y <span class=\"green\">quieres m\u00e1s<\/span>, te hacemos el estudio para que decidas si prefieres que te instalemos <span class=\"green\">nuestras placas solares GRATIS<\/span>.<\/p>\n<p>S\u00f3lo en el caso de que quisieras las placas gratuitas, te pediremos 10 a\u00f1os de permanencia con nosotros.<\/p>\n<p>Los campos con * son obligatorios.[\/vc_column_text][\/vc_column][vc_column width=\u00bb1\/2&#8243;]<div role=\"form\" class=\"wpcf7\" id=\"wpcf7-f8-o1\" lang=\"es-ES\" dir=\"ltr\">\n<div class=\"screen-reader-response\"><p role=\"status\" aria-live=\"polite\" aria-atomic=\"true\"><\/p> <ul><\/ul><\/div>\n<form action=\"\/index.php?rest_route=%2Fwp%2Fv2%2Fpages%2F317#wpcf7-f8-o1\" method=\"post\" class=\"wpcf7-form init\" enctype=\"multipart\/form-data\" novalidate=\"novalidate\" data-status=\"init\">\n<div style=\"display: none;\">\n<input type=\"hidden\" name=\"_wpcf7\" value=\"8\" \/>\n<input type=\"hidden\" name=\"_wpcf7_version\" value=\"5.4.2\" \/>\n<input type=\"hidden\" name=\"_wpcf7_locale\" value=\"es_ES\" \/>\n<input type=\"hidden\" name=\"_wpcf7_unit_tag\" value=\"wpcf7-f8-o1\" \/>\n<input type=\"hidden\" name=\"_wpcf7_container_post\" value=\"0\" \/>\n<input type=\"hidden\" name=\"_wpcf7_posted_data_hash\" value=\"\" \/>\n<\/div>\n<div class=\"full-width-input\">\n<p><span class=\"wpcf7-form-control-wrap your-name\"><input type=\"text\" name=\"your-name\" value=\"\" size=\"40\" class=\"wpcf7-form-control wpcf7-text wpcf7-validates-as-required\" aria-required=\"true\" aria-invalid=\"false\" placeholder=\"Nombre completo*\" \/><\/span><\/p>\n<p><span class=\"wpcf7-form-control-wrap your-email\"><input type=\"email\" name=\"your-email\" value=\"\" size=\"40\" class=\"wpcf7-form-control wpcf7-text wpcf7-email wpcf7-validates-as-required wpcf7-validates-as-email\" aria-required=\"true\" aria-invalid=\"false\" placeholder=\"Email*\" \/><\/span><\/p>\n<p><span class=\"wpcf7-form-control-wrap tel-924\"><input type=\"tel\" name=\"tel-924\" value=\"\" size=\"40\" class=\"wpcf7-form-control wpcf7-text wpcf7-tel wpcf7-validates-as-tel\" aria-invalid=\"false\" placeholder=\"Podemos llamarle al n\u00ba\" \/><\/span><\/p>\n<p style=\"margin:20px 0;\"><b>Subir factura*<\/b><br \/>\n<span class=\"wpcf7-form-control-wrap file-608\"><input type=\"file\" name=\"file-608\" size=\"40\" class=\"wpcf7-form-control wpcf7-file wpcf7-validates-as-required\" accept=\".pdf,.jpg,.jpeg,.png\" aria-required=\"true\" aria-invalid=\"false\" \/><\/span><\/p>\n<p><span class=\"wpcf7-form-control-wrap your-message\"><textarea name=\"your-message\" cols=\"40\" rows=\"10\" class=\"wpcf7-form-control wpcf7-textarea\" aria-invalid=\"false\" placeholder=\"Mensaje\"><\/textarea><\/span><\/p>\n<\/div>\n<p style=\"margin-top:16px; display: inline-flex !important;\"><span class=\"wpcf7-form-control-wrap acceptance-700\"><span class=\"wpcf7-form-control wpcf7-acceptance\"><span class=\"wpcf7-list-item\"><input type=\"checkbox\" name=\"acceptance-700\" value=\"1\" aria-invalid=\"false\" \/><\/span><\/span><\/span>  Acepto las condiciones *<\/p>\n<p><input type=\"submit\" value=\"Enviar\" class=\"wpcf7-form-control wpcf7-submit\" \/><\/p>\n<p>* Condiciones: El usuario acepta que los datos enviados mediante este formulario, ser\u00e1n gestionados \u00fanicamente por la empresa propietaria del sitio web, que no compartir\u00e1 dicha informaci\u00f3n salvo consulta previa al usuario. En cualquier momento el usuario puede solicitar la baja de sus datos en nuestra base de datos. Si tiene dudas puede consultar nuestra <a target =\"_blank\" href=\"\/politica-de-privacidad-y-cookies\/\">pol\u00edtica de privacidad<\/a>.<\/p>\n<div class=\"wpcf7-response-output\" aria-hidden=\"true\"><\/div><\/form><\/div>[\/vc_column][\/vc_row]\n","protected":false},"excerpt":{"rendered":"<p>[vc_row][vc_column width=\u00bb1\/2&#8243;][vc_column_text]Simplificamos los procesos y, como sabemos que el tiempo es oro, basta con que nos hagas llegar tu \u00faltima factura, rellenando el siguiente formulario, y nuestro equipo se encarga de todo. Mandamos una comparativa sin compromiso y ah\u00ed decides&hellip;<\/p>\n","protected":false},"author":1,"featured_media":0,"parent":63,"menu_order":2,"comment_status":"open","ping_status":"closed","template":"","meta":{"footnotes":""},"class_list":["post-317","page","type-page","status-publish","hentry","entry","no-media"],"_links":{"self":[{"href":"https:\/\/neologicenergia.com\/index.php?rest_route=\/wp\/v2\/pages\/317","targetHints":{"allow":["GET"]}}],"collection":[{"href":"https:\/\/neologicenergia.com\/index.php?rest_route=\/wp\/v2\/pages"}],"about":[{"href":"https:\/\/neologicenergia.com\/index.php?rest_route=\/wp\/v2\/types\/page"}],"author":[{"embeddable":true,"href":"https:\/\/neologicenergia.com\/index.php?rest_route=\/wp\/v2\/users\/1"}],"replies":[{"embeddable":true,"href":"https:\/\/neologicenergia.com\/index.php?rest_route=%2Fwp%2Fv2%2Fcomments&post=317"}],"version-history":[{"count":5,"href":"https:\/\/neologicenergia.com\/index.php?rest_route=\/wp\/v2\/pages\/317\/revisions"}],"predecessor-version":[{"id":381,"href":"https:\/\/neologicenergia.com\/index.php?rest_route=\/wp\/v2\/pages\/317\/revisions\/381"}],"up":[{"embeddable":true,"href":"https:\/\/neologicenergia.com\/index.php?rest_route=\/wp\/v2\/pages\/63"}],"wp:attachment":[{"href":"https:\/\/neologicenergia.com\/index.php?rest_route=%2Fwp%2Fv2%2Fmedia&parent=317"}],"curies":[{"name":"wp","href":"https:\/\/api.w.org\/{rel}","templated":true}]}}