{"id":503,"date":"2021-07-19T19:22:57","date_gmt":"2021-07-19T19:22:57","guid":{"rendered":"https:\/\/neologicenergia.com\/?page_id=503"},"modified":"2021-08-05T17:18:23","modified_gmt":"2021-08-05T17:18:23","slug":"energia","status":"publish","type":"page","link":"https:\/\/neologicenergia.com\/?page_id=503","title":{"rendered":"Energ\u00eda"},"content":{"rendered":"[vc_row css=\u00bb.vc_custom_1626722998019{margin-top: 60px !important;}\u00bb][vc_column width=\u00bb1\/3&#8243;]<div class=\"vcex-module vcex-icon-box vcex-icon-box-two wpex-relative wpex-text-center vc_custom_1626169025403\" data-wpex-hover=\"{&quot;background&quot;:&quot;rgba(130,150,140,0.2)&quot;}\"><div class=\"vcex-icon-box-symbol wpex-mb-20\"><div class=\"vcex-icon-box-icon wpex-inline-flex wpex-items-center wpex-justify-center wpex-child-inherit-color wpex-text-center wpex-leading-none wpex-text-black\" style=\"color:#009640;font-size:64px;\"><span class=\"far fa-lightbulb\" aria-hidden=\"true\"><\/span><\/div><\/a><\/div><div class=\"vcex-icon-box-text\"><h2 class=\"vcex-icon-box-heading wpex-heading wpex-text-md wpex-mb-10\" style=\"font-size:18px;\">LUZ<\/h2><div class=\"vcex-icon-box-content wpex-last-mb-0 wpex-clr\"><p>Si s\u00f3lo necesitas lo tradicional somos Comercializadora de luz 100% renovables. Siempre verde con tarifas muy competitivas.<\/p>\n<\/div><\/div><\/div>[\/vc_column][vc_column width=\u00bb1\/3&#8243;]<div class=\"vcex-module vcex-icon-box vcex-icon-box-two wpex-relative wpex-text-center vc_custom_1626169035625\" data-wpex-hover=\"{&quot;background&quot;:&quot;rgba(130,150,140,0.2)&quot;}\"><div class=\"vcex-icon-box-symbol wpex-mb-20\"><div class=\"vcex-icon-box-icon wpex-inline-flex wpex-items-center wpex-justify-center wpex-child-inherit-color wpex-text-center wpex-leading-none wpex-text-black\" style=\"color:#009640;font-size:64px;\"><span class=\"fas fa-fire-alt\" aria-hidden=\"true\"><\/span><\/div><\/a><\/div><div class=\"vcex-icon-box-text\"><h2 class=\"vcex-icon-box-heading wpex-heading wpex-text-md wpex-mb-10\" style=\"font-size:18px;\">GAS<\/h2><div class=\"vcex-icon-box-content wpex-last-mb-0 wpex-clr\"><p>Contrata el Gas con nosotros y obt\u00e9n los mejores precios que puedes encontrar en el mercado.<\/p>\n<\/div><\/div><\/div>[\/vc_column][vc_column width=\u00bb1\/3&#8243;]<div class=\"vcex-module vcex-icon-box vcex-icon-box-two wpex-relative wpex-text-center vc_custom_1626169042906\" data-wpex-hover=\"{&quot;background&quot;:&quot;rgba(130,150,140,0.2)&quot;}\"><div class=\"vcex-icon-box-symbol wpex-mb-20\"><div class=\"vcex-icon-box-icon wpex-inline-flex wpex-items-center wpex-justify-center wpex-child-inherit-color wpex-text-center wpex-leading-none wpex-text-black\" style=\"color:#009640;font-size:64px;\"><span class=\"fas fa-window-restore\" aria-hidden=\"true\"><\/span><\/div><\/a><\/div><div class=\"vcex-icon-box-text\"><h2 class=\"vcex-icon-box-heading wpex-heading wpex-text-md wpex-mb-10\" style=\"font-size:18px;\">CAMBIO DE CALDERA<\/h2><div class=\"vcex-icon-box-content wpex-last-mb-0 wpex-clr\"><p>No esperes m\u00e1s, mejora la eficiencia y ahorra. Te cambiamos tu caldera antigua por el sistema que m\u00e1s te convenga, 100% financiado a 10 a\u00f1os, lo amortizas con el consumo. Adem\u00e1s si quieres tramitamos por ti las subvenciones.<\/p>\n<\/div><\/div><\/div>[\/vc_column][\/vc_row][vc_row full_width=\u00bbstretch_row\u00bb remove_bottom_col_margin=\u00bbtrue\u00bb bg_style=\u00bbstretch\u00bb css=\u00bb.vc_custom_1626087852219{padding-top: 60px !important;padding-bottom: 60px !important;}\u00bb][vc_column][vc_separator css=\u00bb.vc_custom_1626253915671{padding-bottom: 40px !important;}\u00bb]<h3 class=\"vcex-heading vcex-module wpex-text-2xl wpex-font-normal wpex-m-auto wpex-max-w-100 vcex-heading-plain wpex-block wpex-text-center\" style=\"font-size:24px;font-weight:400;\"><span class=\"vcex-heading-inner wpex-inline-block wpex-clr\">Contrata con nosotros<\/span><\/h3><div class=\"vcex-spacing wpex-w-100 wpex-clear\" style=\"height:48px\"><\/div><div class=\"textcenter theme-button-wrap wpex-clr\"><a href=\"https:\/\/neologicenergia.com\/2021web\/contacto-neologic-energia\/\" class=\"vcex-button theme-button large align-center inline hvr hvr-sink\" style=\"background:rgba(0,150,64,0.8);padding-top:20px;padding-right:28px;padding-bottom:20px;padding-left:28px;color:#ffffff;border:0px;\" data-wpex-hover='{&quot;background&quot;:&quot;rgba(40,150,88,0.8)&quot;}'><span class=\"theme-button-inner\">CONTRATAR<\/span><\/a><\/div> [\/vc_column][\/vc_row]\n","protected":false},"excerpt":{"rendered":"<p>[vc_row css=\u00bb.vc_custom_1626722998019{margin-top: 60px !important;}\u00bb][vc_column width=\u00bb1\/3&#8243;][\/vc_column][vc_column width=\u00bb1\/3&#8243;][\/vc_column][vc_column width=\u00bb1\/3&#8243;][\/vc_column][\/vc_row][vc_row full_width=\u00bbstretch_row\u00bb remove_bottom_col_margin=\u00bbtrue\u00bb bg_style=\u00bbstretch\u00bb css=\u00bb.vc_custom_1626087852219{padding-top: 60px !important;padding-bottom: 60px !important;}\u00bb][vc_column][vc_separator css=\u00bb.vc_custom_1626253915671{padding-bottom: 40px !important;}\u00bb][\/vc_column][\/vc_row]<\/p>\n","protected":false},"author":1,"featured_media":0,"parent":0,"menu_order":2,"comment_status":"open","ping_status":"closed","template":"","meta":{"footnotes":""},"class_list":["post-503","page","type-page","status-publish","hentry","entry","no-media"],"_links":{"self":[{"href":"https:\/\/neologicenergia.com\/index.php?rest_route=\/wp\/v2\/pages\/503","targetHints":{"allow":["GET"]}}],"collection":[{"href":"https:\/\/neologicenergia.com\/index.php?rest_route=\/wp\/v2\/pages"}],"about":[{"href":"https:\/\/neologicenergia.com\/index.php?rest_route=\/wp\/v2\/types\/page"}],"author":[{"embeddable":true,"href":"https:\/\/neologicenergia.com\/index.php?rest_route=\/wp\/v2\/users\/1"}],"replies":[{"embeddable":true,"href":"https:\/\/neologicenergia.com\/index.php?rest_route=%2Fwp%2Fv2%2Fcomments&post=503"}],"version-history":[{"count":5,"href":"https:\/\/neologicenergia.com\/index.php?rest_route=\/wp\/v2\/pages\/503\/revisions"}],"predecessor-version":[{"id":552,"href":"https:\/\/neologicenergia.com\/index.php?rest_route=\/wp\/v2\/pages\/503\/revisions\/552"}],"wp:attachment":[{"href":"https:\/\/neologicenergia.com\/index.php?rest_route=%2Fwp%2Fv2%2Fmedia&parent=503"}],"curies":[{"name":"wp","href":"https:\/\/api.w.org\/{rel}","templated":true}]}}