{"id":62,"date":"2015-01-16T23:15:14","date_gmt":"2015-01-16T23:15:14","guid":{"rendered":"http:\/\/totaltheme.wpengine.com\/portfolio\/?page_id=62"},"modified":"2021-07-19T19:30:29","modified_gmt":"2021-07-19T19:30:29","slug":"energia-verde","status":"publish","type":"page","link":"https:\/\/neologicenergia.com\/?page_id=62","title":{"rendered":"Energ\u00eda Verde"},"content":{"rendered":"[vc_row css=\u00bb.vc_custom_1626723017781{margin-top: 60px !important;}\u00bb][vc_column width=\u00bb1\/4&#8243;]<a href=\"https:\/\/neologicenergia.com\/descargas\/1-Presentacion-Autoconsumo-Neologic-Energia.pdf\" class=\"vcex-icon-box-link-wrap wpex-inherit-color wpex-no-underline\" title=\"Descargar cat\u00e1logo\" target=\"_blank\" rel=\"noopener noreferrer\"><div class=\"vcex-module vcex-icon-box vcex-icon-box-two wpex-relative wpex-text-center vc_custom_1626721795722\" data-wpex-hover=\"{&quot;background&quot;:&quot;rgba(130,150,140,0.2)&quot;}\"><div class=\"vcex-icon-box-symbol wpex-mb-20\"><div class=\"vcex-icon-box-icon wpex-inline-flex wpex-items-center wpex-justify-center wpex-child-inherit-color wpex-text-center wpex-leading-none wpex-text-black\" style=\"color:#009640;font-size:64px;\"><span class=\"fas fa-solar-panel\" aria-hidden=\"true\"><\/span><\/div><\/div><div class=\"vcex-icon-box-text\"><h2 class=\"vcex-icon-box-heading wpex-heading wpex-text-md wpex-mb-10\" style=\"font-size:18px;\">PLACAS SOLARES<\/h2><div class=\"vcex-icon-box-content wpex-last-mb-0 wpex-clr\"><p>Nos encargamos de todo t\u00fa s\u00f3lo ahorra. Si Contratas la luz con nosotros durante 10 a\u00f1os te ponemos placas solares sin ning\u00fan coste, ahorra hasta un 30% en tu factura. Y a los 10 a\u00f1os las placas son tuyas.<\/p>\n<p>Tu no haces nada, incluye mantenimiento, solicitud de licencias, legalizaci\u00f3n en industria, tramitaci\u00f3n de subvenciones, TODO.<\/p>\n<\/div><\/div><\/div><\/a>[\/vc_column][vc_column width=\u00bb1\/4&#8243;]<a href=\"https:\/\/neologicenergia.com\/descargas\/2-SmartCapsuleV3.pdf\" class=\"vcex-icon-box-link-wrap wpex-inherit-color wpex-no-underline\" title=\"Descargar cat\u00e1logo\" target=\"_blank\" rel=\"noopener noreferrer\"><div class=\"vcex-module vcex-icon-box vcex-icon-box-two wpex-relative wpex-text-center vc_custom_1626721810481\" data-wpex-hover=\"{&quot;background&quot;:&quot;rgba(130,150,140,0.2)&quot;}\"><div class=\"vcex-icon-box-symbol wpex-mb-20\"><div class=\"vcex-icon-box-icon wpex-inline-flex wpex-items-center wpex-justify-center wpex-child-inherit-color wpex-text-center wpex-leading-none wpex-text-black\" style=\"color:#009640;font-size:64px;\"><span class=\"fas fa-traffic-light\" aria-hidden=\"true\"><\/span><\/div><\/div><div class=\"vcex-icon-box-text\"><h2 class=\"vcex-icon-box-heading wpex-heading wpex-text-md wpex-mb-10\" style=\"font-size:18px;\">SMART CAPSULAS<\/h2><div class=\"vcex-icon-box-content wpex-last-mb-0 wpex-clr\"><p>Producto innovador para instalar un punto de recarga para autom\u00f3viles, motocicletas, bicicletas o patinetes, aprovechando los b\u00e1culos o columnas de alumbrado p\u00fablico existentes y sin necesidad de obra civil, cambio o sustituci\u00f3n de las mismas.<\/p>\n<\/div><\/div><\/div><\/a>[\/vc_column][vc_column width=\u00bb1\/4&#8243;]<a href=\"https:\/\/neologicenergia.com\/descargas\/3-Estaciones-carga-Neologic-Energia.pdf\" class=\"vcex-icon-box-link-wrap wpex-inherit-color wpex-no-underline\" title=\"Descargar cat\u00e1logo\" target=\"_blank\" rel=\"noopener noreferrer\"><div class=\"vcex-module vcex-icon-box vcex-icon-box-two wpex-relative wpex-text-center vc_custom_1626721842574\" data-wpex-hover=\"{&quot;background&quot;:&quot;rgba(130,150,140,0.2)&quot;}\"><div class=\"vcex-icon-box-symbol wpex-mb-20\"><div class=\"vcex-icon-box-icon wpex-inline-flex wpex-items-center wpex-justify-center wpex-child-inherit-color wpex-text-center wpex-leading-none wpex-text-black\" style=\"color:#009640;font-size:64px;\"><span class=\"fas fa-charging-station\" aria-hidden=\"true\"><\/span><\/div><\/div><div class=\"vcex-icon-box-text\"><h2 class=\"vcex-icon-box-heading wpex-heading wpex-text-md wpex-mb-10\" style=\"font-size:18px;\">ESTACIONES DE CARGA<\/h2><div class=\"vcex-icon-box-content wpex-last-mb-0 wpex-clr\"><p>Ofrecemos un servicio de instalaci\u00f3n de cargadores de veh\u00edculos el\u00e9ctricos llave en mano, con consultor\u00eda, mantenimiento y revisi\u00f3n, si el cliente lo desea. El pdf para esta secci\u00f3n es la p\u00e1gina 6 del que te adjunto de placas solares.<\/p>\n<\/div><\/div><\/div><\/a>[\/vc_column][vc_column width=\u00bb1\/4&#8243;]<a href=\"https:\/\/neologicenergia.com\/descargas\/4-CatalogoSolar.pdf\" class=\"vcex-icon-box-link-wrap wpex-inherit-color wpex-no-underline\" title=\"Descargar cat\u00e1logo\" target=\"_blank\" rel=\"noopener noreferrer\"><div class=\"vcex-module vcex-icon-box vcex-icon-box-two wpex-relative wpex-text-center vc_custom_1626721874235\" data-wpex-hover=\"{&quot;background&quot;:&quot;rgba(130,150,140,0.2)&quot;}\"><div class=\"vcex-icon-box-symbol wpex-mb-20\"><div class=\"vcex-icon-box-icon wpex-inline-flex wpex-items-center wpex-justify-center wpex-child-inherit-color wpex-text-center wpex-leading-none wpex-text-black\" style=\"color:#009640;font-size:64px;\"><span class=\"fas fa-lightbulb\" aria-hidden=\"true\"><\/span><\/div><\/div><div class=\"vcex-icon-box-text\"><h2 class=\"vcex-icon-box-heading wpex-heading wpex-text-md wpex-mb-10\" style=\"font-size:18px;\">ILUMINACI\u00d3N<\/h2><div class=\"vcex-icon-box-content wpex-last-mb-0 wpex-clr\"><p>Consulta nuestro amplio cat\u00e1logo de iluminaci\u00f3n Led \u00abMICROLED PLUS\u201d, farolas solares, inversores, complementos fotovoltaicos y mucho m\u00e1s\u2026<\/p>\n<\/div><\/div><\/div><\/a>[\/vc_column][\/vc_row][vc_row full_width=\u00bbstretch_row\u00bb remove_bottom_col_margin=\u00bbtrue\u00bb bg_style=\u00bbstretch\u00bb css=\u00bb.vc_custom_1626087852219{padding-top: 60px !important;padding-bottom: 60px !important;}\u00bb][vc_column][vc_separator css=\u00bb.vc_custom_1626253915671{padding-bottom: 40px !important;}\u00bb]<h3 class=\"vcex-heading vcex-module wpex-text-2xl wpex-font-normal wpex-m-auto wpex-max-w-100 vcex-heading-plain wpex-block wpex-text-center\" style=\"font-size:24px;font-weight:400;\"><span class=\"vcex-heading-inner wpex-inline-block wpex-clr\">Contacta con Neologic Energ\u00eda<\/span><\/h3><div class=\"vcex-spacing wpex-w-100 wpex-clear\" style=\"height:48px\"><\/div><div class=\"textcenter theme-button-wrap wpex-clr\"><a href=\"https:\/\/neologicenergia.com\/2021web\/contacto-neologic-energia\/\" class=\"vcex-button theme-button large align-center inline hvr hvr-sink\" style=\"background:rgba(0,150,64,0.8);padding-top:20px;padding-right:28px;padding-bottom:20px;padding-left:28px;color:#ffffff;border:0px;\" data-wpex-hover='{&quot;background&quot;:&quot;rgba(40,150,88,0.8)&quot;}'><span class=\"theme-button-inner\">CONTACTAR<\/span><\/a><\/div> [\/vc_column][\/vc_row]\n","protected":false},"excerpt":{"rendered":"<p>[vc_row css=\u00bb.vc_custom_1626723017781{margin-top: 60px !important;}\u00bb][vc_column width=\u00bb1\/4&#8243;][\/vc_column][vc_column width=\u00bb1\/4&#8243;][\/vc_column][vc_column width=\u00bb1\/4&#8243;][\/vc_column][vc_column width=\u00bb1\/4&#8243;][\/vc_column][\/vc_row][vc_row full_width=\u00bbstretch_row\u00bb remove_bottom_col_margin=\u00bbtrue\u00bb bg_style=\u00bbstretch\u00bb css=\u00bb.vc_custom_1626087852219{padding-top: 60px !important;padding-bottom: 60px !important;}\u00bb][vc_column][vc_separator css=\u00bb.vc_custom_1626253915671{padding-bottom: 40px !important;}\u00bb][\/vc_column][\/vc_row]<\/p>\n","protected":false},"author":1,"featured_media":0,"parent":0,"menu_order":2,"comment_status":"open","ping_status":"closed","template":"","meta":{"footnotes":""},"class_list":["post-62","page","type-page","status-publish","hentry","entry","no-media"],"_links":{"self":[{"href":"https:\/\/neologicenergia.com\/index.php?rest_route=\/wp\/v2\/pages\/62","targetHints":{"allow":["GET"]}}],"collection":[{"href":"https:\/\/neologicenergia.com\/index.php?rest_route=\/wp\/v2\/pages"}],"about":[{"href":"https:\/\/neologicenergia.com\/index.php?rest_route=\/wp\/v2\/types\/page"}],"author":[{"embeddable":true,"href":"https:\/\/neologicenergia.com\/index.php?rest_route=\/wp\/v2\/users\/1"}],"replies":[{"embeddable":true,"href":"https:\/\/neologicenergia.com\/index.php?rest_route=%2Fwp%2Fv2%2Fcomments&post=62"}],"version-history":[{"count":33,"href":"https:\/\/neologicenergia.com\/index.php?rest_route=\/wp\/v2\/pages\/62\/revisions"}],"predecessor-version":[{"id":512,"href":"https:\/\/neologicenergia.com\/index.php?rest_route=\/wp\/v2\/pages\/62\/revisions\/512"}],"wp:attachment":[{"href":"https:\/\/neologicenergia.com\/index.php?rest_route=%2Fwp%2Fv2%2Fmedia&parent=62"}],"curies":[{"name":"wp","href":"https:\/\/api.w.org\/{rel}","templated":true}]}}