{"id":63,"date":"2015-01-16T23:15:21","date_gmt":"2015-01-16T23:15:21","guid":{"rendered":"http:\/\/totaltheme.wpengine.com\/portfolio\/?page_id=63"},"modified":"2024-06-03T17:01:02","modified_gmt":"2024-06-03T17:01:02","slug":"contacto-neologic-energia","status":"publish","type":"page","link":"https:\/\/neologicenergia.com\/?page_id=63","title":{"rendered":"Contacto"},"content":{"rendered":"[vc_row center_row=\u00bb\u00bb][vc_column][\/vc_column][\/vc_row][vc_row column_spacing=\u00bb50&#8243;][vc_column width=\u00bb2\/3&#8243;][vc_column_text responsive_text=\u00bbtrue\u00bb text_align=\u00bbleft\u00bb font_weight=\u00bb600&#8243;]Formulario de contacto[\/vc_column_text]<div class=\"vcex-module vcex-divider vcex-divider-solid wpex-max-w-100 wpex-mx-auto wpex-block wpex-h-0 wpex-border-b wpex-border-solid wpex-border-gray-200\" style=\"margin-top:10px;margin-bottom:40px;\"><\/div>[vc_column_text responsive_text=\u00bbtrue\u00bb text_align=\u00bbleft\u00bb]Contacte con Neologic Energ\u00eda. Los campos con * son obligatorios.[\/vc_column_text][vc_empty_space]<div class=\"vcex-module vcex-form-shortcode wpex-form wpex-m-auto wpex-max-w-100 full-width-input\" style=\"font-size:14px;\"><div role=\"form\" class=\"wpcf7\" id=\"wpcf7-f156-o1\" lang=\"en-US\" dir=\"ltr\">\n<div class=\"screen-reader-response\"><p role=\"status\" aria-live=\"polite\" aria-atomic=\"true\"><\/p> <ul><\/ul><\/div>\n<form action=\"\/index.php?rest_route=%2Fwp%2Fv2%2Fpages%2F63#wpcf7-f156-o1\" method=\"post\" class=\"wpcf7-form init\" novalidate=\"novalidate\" data-status=\"init\">\n<div style=\"display: none;\">\n<input type=\"hidden\" name=\"_wpcf7\" value=\"156\" \/>\n<input type=\"hidden\" name=\"_wpcf7_version\" value=\"5.4.2\" \/>\n<input type=\"hidden\" name=\"_wpcf7_locale\" value=\"en_US\" \/>\n<input type=\"hidden\" name=\"_wpcf7_unit_tag\" value=\"wpcf7-f156-o1\" \/>\n<input type=\"hidden\" name=\"_wpcf7_container_post\" value=\"0\" \/>\n<input type=\"hidden\" name=\"_wpcf7_posted_data_hash\" value=\"\" \/>\n<\/div>\n<div class=\"full-width-input\">\n<p><span class=\"wpcf7-form-control-wrap your-name\"><input type=\"text\" name=\"your-name\" value=\"\" size=\"40\" class=\"wpcf7-form-control wpcf7-text wpcf7-validates-as-required\" aria-required=\"true\" aria-invalid=\"false\" placeholder=\"Nombre completo*\" \/><\/span><\/p>\n<p><span class=\"wpcf7-form-control-wrap your-email\"><input type=\"email\" name=\"your-email\" value=\"\" size=\"40\" class=\"wpcf7-form-control wpcf7-text wpcf7-email wpcf7-validates-as-required wpcf7-validates-as-email\" aria-required=\"true\" aria-invalid=\"false\" placeholder=\"Email*\" \/><\/span><\/p>\n<p><span class=\"wpcf7-form-control-wrap tel-924\"><input type=\"tel\" name=\"tel-924\" value=\"\" size=\"40\" class=\"wpcf7-form-control wpcf7-text wpcf7-tel wpcf7-validates-as-tel\" aria-invalid=\"false\" placeholder=\"Podemos llamarle al n\u00ba\" \/><\/span><\/p>\n<p><span class=\"wpcf7-form-control-wrap text-asunto\"><input type=\"text\" name=\"text-asunto\" value=\"\" size=\"40\" class=\"wpcf7-form-control wpcf7-text\" aria-invalid=\"false\" placeholder=\"Asunto\" \/><\/span><\/p>\n<p><span class=\"wpcf7-form-control-wrap your-message\"><textarea name=\"your-message\" cols=\"40\" rows=\"10\" class=\"wpcf7-form-control wpcf7-textarea\" aria-invalid=\"false\" placeholder=\"Mensaje\"><\/textarea><\/span><\/p>\n<\/div>\n<p style=\"margin-top:16px; display: inline-flex !important;\"><span class=\"wpcf7-form-control-wrap acceptance-700\"><span class=\"wpcf7-form-control wpcf7-acceptance\"><span class=\"wpcf7-list-item\"><input type=\"checkbox\" name=\"acceptance-700\" value=\"1\" aria-invalid=\"false\" \/><\/span><\/span><\/span>  Acepto las condiciones *<\/p>\n<p><input type=\"submit\" value=\"Enviar\" class=\"wpcf7-form-control wpcf7-submit\" \/><\/p>\n<p>* Condiciones: El usuario acepta que los datos enviados mediante este formulario, ser\u00e1n gestionados \u00fanicamente por la empresa propietaria del sitio web, que no compartir\u00e1 dicha informaci\u00f3n salvo consulta previa al usuario. En cualquier momento el usuario puede solicitar la baja de sus datos en nuestra base de datos. Si tiene dudas puede consultar nuestra <a target =\"_blank\" href=\"\/politica-de-privacidad-y-cookies\/\">pol\u00edtica de privacidad<\/a>.<\/p>\n<div class=\"wpcf7-response-output\" aria-hidden=\"true\"><\/div><\/form><\/div><\/div>[vc_empty_space height=\u00bb54px\u00bb][vc_row_inner css=\u00bb.vc_custom_1626173009067{margin-top: 20px !important;padding-top: 30px !important;padding-right: 20px !important;padding-bottom: 0px !important;padding-left: 20px !important;background-color: #e8a91c !important;}\u00bb][vc_column_inner][vc_column_text responsive_text=\u00bbtrue\u00bb text_align=\u00bbleft\u00bb font_weight=\u00bb600&#8243; color=\u00bb#ffffff\u00bb]Env\u00edo de factura[\/vc_column_text]<div class=\"vcex-module vcex-divider vcex-divider-solid wpex-max-w-100 wpex-mx-auto wpex-block wpex-h-0 wpex-border-b wpex-border-solid wpex-border-gray-200\" style=\"margin-top:10px;margin-bottom:40px;border-color:#ffffff;\"><\/div>[vc_column_text responsive_text=\u00bbtrue\u00bb text_align=\u00bbleft\u00bb color=\u00bb#ffffff\u00bb]<strong>Simplificamos los procesos<\/strong> y, como sabemos que el tiempo es oro, basta con que nos hagas llegar tu \u00faltima factura y <strong>nuestro equipo se encarga de todo<\/strong>.[\/vc_column_text][vc_empty_space css=\u00bb.vc_custom_1626173216825{margin-bottom: 0px !important;}\u00bb][vc_btn title=\u00bbENVIAR FACTURA\u00bb color=\u00bbwhite\u00bb size=\u00bbsm\u00bb align=\u00bbcenter\u00bb link=\u00bburl:https%3A%2F%2Fneologicenergia.com%2Fcontacto-neologic-energia%2Fenviar-factura%2F|title:Enviar%20factura\u00bb el_class=\u00bborange\u00bb css=\u00bb.vc_custom_1717434059218{margin-bottom: 0px !important;}\u00bb][\/vc_column_inner][\/vc_row_inner][\/vc_column][vc_column width=\u00bb1\/3&#8243;][vc_column_text responsive_text=\u00bbtrue\u00bb text_align=\u00bbleft\u00bb font_weight=\u00bb600&#8243;]Sedes[\/vc_column_text]<div class=\"vcex-module vcex-divider vcex-divider-solid wpex-max-w-100 wpex-mx-auto wpex-block wpex-h-0 wpex-border-b wpex-border-solid wpex-border-gray-200\" style=\"margin-top:10px;margin-bottom:40px;\"><\/div>[vc_column_text responsive_text=\u00bbtrue\u00bb text_align=\u00bbleft\u00bb]<strong>Asturias<\/strong> &#8211; Pe\u00f1a Santa, s\/n &#8211; Centro de Servicios local 4 &#8211; 33192 Llanera[\/vc_column_text][vc_empty_space height=\u00bb10px\u00bb][vc_gmaps link=\u00bb#E-8_JTNDaWZyYW1lJTIwc3JjJTNEJTIyaHR0cHMlM0ElMkYlMkZ3d3cuZ29vZ2xlLmNvbSUyRm1hcHMlMkZlbWJlZCUzRnBiJTNEJTIxMW0xNCUyMTFtOCUyMTFtMyUyMTFkNDYzNjkuNzYzMzc3OTI0NDMlMjEyZC01LjgxMTEyMSUyMTNkNDMuNDE2NTI0JTIxM20yJTIxMWkxMDI0JTIxMmk3NjglMjE0ZjEzLjElMjEzbTMlMjExbTIlMjExczB4MCUyNTNBMHg2NTQ0OWZkZjEyZDMyMmY0JTIxMnNBc29jaWFjaSUyNUMzJTI1QjNuJTI1MjBkZSUyNTIwRW1wcmVzYXJpb3MlMjUyMGRlbCUyNTIwUG9sJTI1QzMlMjVBRGdvbm8lMjUyMGRlJTI1MjBTaWx2b3RhJTI1MjAlMjhBU0VNUE9TSUwlMjklMjE1ZTAlMjEzbTIlMjExc2VzJTIxMnNlcyUyMTR2MTYyNjA5MDYxMzc4OSUyMTVtMiUyMTFzZXMlMjEyc2VzJTIyJTIwd2lkdGglM0QlMjIxMDAlMjUlMjIlMjBoZWlnaHQlM0QlMjIyMDAlMjIlMjBzdHlsZSUzRCUyMmJvcmRlciUzQTAlM0IlMjIlMjBhbGxvd2Z1bGxzY3JlZW4lM0QlMjIlMjIlMjBsb2FkaW5nJTNEJTIybGF6eSUyMiUzRSUzQyUyRmlmcmFtZSUzRQ==\u00bb size=\u00bb\u00bb][vc_empty_space][vc_column_text responsive_text=\u00bbtrue\u00bb text_align=\u00bbleft\u00bb]<strong>Madrid<\/strong> &#8211; Paseo de la Castellana 79 &#8211; Planta 7 &#8211; 28046[\/vc_column_text][vc_empty_space height=\u00bb10px\u00bb][vc_gmaps link=\u00bb#E-8_JTNDaWZyYW1lJTIwc3JjJTNEJTIyaHR0cHMlM0ElMkYlMkZ3d3cuZ29vZ2xlLmNvbSUyRm1hcHMlMkZlbWJlZCUzRnBiJTNEJTIxMW0xOCUyMTFtMTIlMjExbTMlMjExZDMwMzYuMjU0OTI5MzUzNDAzJTIxMmQtMy42OTQxNTk0ODMzODY3NTk1JTIxM2Q0MC40NDc0OTQyNzkzNjE4NCUyMTJtMyUyMTFmMCUyMTJmMCUyMTNmMCUyMTNtMiUyMTFpMTAyNCUyMTJpNzY4JTIxNGYxMy4xJTIxM20zJTIxMW0yJTIxMXMweGQ0MjI4ZTRjN2ExY2E4NSUyNTNBMHhlZDYxMzcxMDQ4ZmQ0YjNjJTIxMnNQYXNlbyUyNTIwZGUlMjUyMGxhJTI1MjBDYXN0ZWxsYW5hJTI1MkMlMjUyMDc5JTI1MkMlMjUyMFBsYW50YSUyNTIwNyUyNTJDJTI1MjAyODA0NiUyNTIwTWFkcmlkJTIxNWUwJTIxM20yJTIxMXNlcyUyMTJzZXMlMjE0djE2MjYwOTA3ODUxNTYlMjE1bTIlMjExc2VzJTIxMnNlcyUyMiUyMHdpZHRoJTNEJTIyMTAwJTI1JTIyJTIwaGVpZ2h0JTNEJTIyMjAwJTIyJTIwc3R5bGUlM0QlMjJib3JkZXIlM0EwJTNCJTIyJTIwYWxsb3dmdWxsc2NyZWVuJTNEJTIyJTIyJTIwbG9hZGluZyUzRCUyMmxhenklMjIlM0UlM0MlMkZpZnJhbWUlM0U=\u00bb size=\u00bb\u00bb][vc_empty_space][vc_column_text responsive_text=\u00bbtrue\u00bb text_align=\u00bbleft\u00bb]<strong>Sevilla<\/strong> &#8211; Avda. Astronom\u00eda &#8211; Torre 1, Pl. 5, M\u00f3dulo 8 &#8211; 41015[\/vc_column_text][vc_empty_space height=\u00bb10px\u00bb][vc_gmaps link=\u00bb#E-8_JTNDaWZyYW1lJTIwc3JjJTNEJTIyaHR0cHMlM0ElMkYlMkZ3d3cuZ29vZ2xlLmNvbSUyRm1hcHMlMkZlbWJlZCUzRnBiJTNEJTIxMW0xOCUyMTFtMTIlMjExbTMlMjExZDMxNjguNDgxMTkwNzk0NjU3MyUyMTJkLTUuOTc2NTk1NzgzNDIyOTYzNSUyMTNkMzcuNDI1NzM1ODc5ODI0NDk0JTIxMm0zJTIxMWYwJTIxMmYwJTIxM2YwJTIxM20yJTIxMWkxMDI0JTIxMmk3NjglMjE0ZjEzLjElMjEzbTMlMjExbTIlMjExczB4ZDEyNjkxZjhmOGYxNWJmJTI1M0EweGUwYWJlMDFlMGU1NTcyOGIlMjEyc1RvcnJlMSUyMTVlMCUyMTNtMiUyMTFzZXMlMjEyc2VzJTIxNHYxNjI2MDkxMDc0ODI5JTIxNW0yJTIxMXNlcyUyMTJzZXMlMjIlMjB3aWR0aCUzRCUyMjEwMCUyNSUyMiUyMGhlaWdodCUzRCUyMjIwMCUyMiUyMHN0eWxlJTNEJTIyYm9yZGVyJTNBMCUzQiUyMiUyMGFsbG93ZnVsbHNjcmVlbiUzRCUyMiUyMiUyMGxvYWRpbmclM0QlMjJsYXp5JTIyJTNFJTNDJTJGaWZyYW1lJTNF\u00bb size=\u00bb\u00bb][vc_empty_space][vc_column_text responsive_text=\u00bbtrue\u00bb text_align=\u00bbleft\u00bb]<strong>Portugal<\/strong> &#8211; Rua Jose Cardoso Pires 1 C &#8211; 1750-430 Lisboa[\/vc_column_text][vc_empty_space height=\u00bb10px\u00bb][vc_gmaps link=\u00bb#E-8_JTNDaWZyYW1lJTIwc3JjJTNEJTIyaHR0cHMlM0ElMkYlMkZ3d3cuZ29vZ2xlLmNvbSUyRm1hcHMlMkZlbWJlZCUzRnBiJTNEJTIxMW0xOCUyMTFtMTIlMjExbTMlMjExZDMxMTAuNjIyNjY0NzY3NDAzNCUyMTJkLTkuMTUzODg1MDgzNDA3MTU0JTIxM2QzOC43NzIzNTc3Nzk1OTAyNiUyMTJtMyUyMTFmMCUyMTJmMCUyMTNmMCUyMTNtMiUyMTFpMTAyNCUyMTJpNzY4JTIxNGYxMy4xJTIxM20zJTIxMW0yJTIxMXMweGQxOTMyZjM3OTk5NjdlNyUyNTNBMHg2MWIzN2UzMDk4MGUxNjBhJTIxMnNSLiUyNTIwSm9zJTI1QzMlMjVBOSUyNTIwQ2FyZG9zbyUyNTIwUGlyZXMlMjUyMDFDJTI1MkMlMjUyMDE3NTAtNDM3JTI1MjBMaXNib2ElMjUyQyUyNTIwUG9ydHVnYWwlMjE1ZTAlMjEzbTIlMjExc2VzJTIxMnNlcyUyMTR2MTYyNjA5MTE2OTYyNCUyMTVtMiUyMTFzZXMlMjEyc2VzJTIyJTIwd2lkdGglM0QlMjIxMDAlMjUlMjIlMjBoZWlnaHQlM0QlMjIyMDAlMjIlMjBzdHlsZSUzRCUyMmJvcmRlciUzQTAlM0IlMjIlMjBhbGxvd2Z1bGxzY3JlZW4lM0QlMjIlMjIlMjBsb2FkaW5nJTNEJTIybGF6eSUyMiUzRSUzQyUyRmlmcmFtZSUzRQ==\u00bb size=\u00bb\u00bb][\/vc_column][\/vc_row]\n","protected":false},"excerpt":{"rendered":"<p>[vc_row center_row=\u00bb\u00bb][vc_column][\/vc_column][\/vc_row][vc_row column_spacing=\u00bb50&#8243;][vc_column width=\u00bb2\/3&#8243;][vc_column_text responsive_text=\u00bbtrue\u00bb text_align=\u00bbleft\u00bb font_weight=\u00bb600&#8243;]Formulario de contacto[\/vc_column_text][vc_column_text responsive_text=\u00bbtrue\u00bb text_align=\u00bbleft\u00bb]Contacte con Neologic Energ\u00eda. Los campos con * son obligatorios.[\/vc_column_text][vc_empty_space][vc_empty_space height=\u00bb54px\u00bb][vc_row_inner css=\u00bb.vc_custom_1626173009067{margin-top: 20px !important;padding-top: 30px !important;padding-right: 20px !important;padding-bottom: 0px !important;padding-left: 20px !important;background-color: #e8a91c !important;}\u00bb][vc_column_inner][vc_column_text responsive_text=\u00bbtrue\u00bb text_align=\u00bbleft\u00bb font_weight=\u00bb600&#8243; color=\u00bb#ffffff\u00bb]Env\u00edo de factura[\/vc_column_text][vc_column_text&hellip;<\/p>\n","protected":false},"author":1,"featured_media":0,"parent":0,"menu_order":5,"comment_status":"open","ping_status":"closed","template":"","meta":{"footnotes":""},"class_list":["post-63","page","type-page","status-publish","hentry","entry","no-media"],"_links":{"self":[{"href":"https:\/\/neologicenergia.com\/index.php?rest_route=\/wp\/v2\/pages\/63","targetHints":{"allow":["GET"]}}],"collection":[{"href":"https:\/\/neologicenergia.com\/index.php?rest_route=\/wp\/v2\/pages"}],"about":[{"href":"https:\/\/neologicenergia.com\/index.php?rest_route=\/wp\/v2\/types\/page"}],"author":[{"embeddable":true,"href":"https:\/\/neologicenergia.com\/index.php?rest_route=\/wp\/v2\/users\/1"}],"replies":[{"embeddable":true,"href":"https:\/\/neologicenergia.com\/index.php?rest_route=%2Fwp%2Fv2%2Fcomments&post=63"}],"version-history":[{"count":39,"href":"https:\/\/neologicenergia.com\/index.php?rest_route=\/wp\/v2\/pages\/63\/revisions"}],"predecessor-version":[{"id":555,"href":"https:\/\/neologicenergia.com\/index.php?rest_route=\/wp\/v2\/pages\/63\/revisions\/555"}],"wp:attachment":[{"href":"https:\/\/neologicenergia.com\/index.php?rest_route=%2Fwp%2Fv2%2Fmedia&parent=63"}],"curies":[{"name":"wp","href":"https:\/\/api.w.org\/{rel}","templated":true}]}}