{"id":73,"date":"2015-01-16T23:49:54","date_gmt":"2015-01-16T23:49:54","guid":{"rendered":"http:\/\/totaltheme.wpengine.com\/portfolio\/?page_id=73"},"modified":"2021-07-19T19:20:25","modified_gmt":"2021-07-19T19:20:25","slug":"quienes-somos","status":"publish","type":"page","link":"https:\/\/neologicenergia.com\/?page_id=73","title":{"rendered":"Qui\u00e9nes Somos"},"content":{"rendered":"[vc_row full_width=\u00bbstretch_row_content\u00bb content_placement=\u00bbmiddle\u00bb equal_height=\u00bbyes\u00bb remove_bottom_col_margin=\u00bbtrue\u00bb css=\u00bb.vc_custom_1626176343769{margin-top: -40px !important;}\u00bb][vc_column width=\u00bb1\/2&#8243; el_class=\u00bbDTpl5-100 DTpr5-100&#8243;][vc_row_inner content_placement=\u00bbmiddle\u00bb][vc_column_inner]<div class=\"vcex-spacing wpex-w-100 wpex-clear\" style=\"height:48px\"><\/div>[vc_video link=\u00bbhttps:\/\/www.youtube.com\/watch?v=E-bsnICCWbc\u00bb align=\u00bbcenter\u00bb]<div class=\"vcex-spacing wpex-w-100 wpex-clear\" style=\"height:48px\"><\/div>[vc_column_text]<span class=\"green\">Neologic Energ\u00eda<\/span> es una comercializadora de energ\u00eda verde que nace en 2012 con el prop\u00f3sito de ofrecer a las empresas el <span class=\"green\">mayor ahorro posible en la factura de la luz<\/span>.<\/p>\n<p>Integrado por un grupo de personas con <span class=\"green\">m\u00e1s de 20 a\u00f1os de experiencia<\/span>, que ponen toda su ilusi\u00f3n en la realizaci\u00f3n de <span class=\"green\">un trabajo en constante evoluci\u00f3n<\/span>.<\/p>\n<p>Por ello en <span class=\"green\">Neologic Energ\u00eda<\/span> hemos aglutinado las mejores y m\u00e1s eficientes productoras de Energ\u00eda Verde; porque entendemos que puede haber un <span class=\"green\">ahorro sostenible<\/span>.<\/p>\n<p>Somos una <span class=\"green\">empresa innovadora<\/span> que suma grandes ideas que proporcionan un <span class=\"green\">ahorro real y f\u00e1cil de obtener<\/span>.[\/vc_column_text]<div class=\"vcex-spacing wpex-w-100 wpex-clear\" style=\"height:48px\"><\/div><div class=\"textcenter theme-button-wrap wpex-clr\"><a href=\"https:\/\/neologicenergia.com\/descargas\/0-PresentacionNeologic.pdf\" class=\"vcex-button theme-button large align-center inline hvr hvr-sink\" target=\"_blank\" style=\"background:#e8a91c;padding-top:20px;padding-right:28px;padding-bottom:20px;padding-left:28px;color:#ffffff;border:0px;\" rel=\"noopener noreferrer\" data-wpex-hover='{&quot;background&quot;:&quot;#e8a91c&quot;}'><span class=\"theme-button-inner\">VER PRESENTACI\u00d3N<\/span><\/a><\/div> <div class=\"vcex-spacing wpex-w-100 wpex-clear\" style=\"height:48px\"><\/div>[\/vc_column_inner][\/vc_row_inner][\/vc_column][vc_column width=\u00bb1\/2&#8243; css=\u00bb.vc_custom_1626176162116{padding-top: 440px !important;padding-bottom: 440px !important;background-image: url(https:\/\/neologicenergia.com\/wp-content\/uploads\/2021\/07\/comercializadora-energia-verde.jpg?id=395) !important;}\u00bb offset=\u00bbvc_hidden-xs\u00bb][\/vc_column][\/vc_row][vc_row full_width=\u00bbstretch_row_content_no_spaces\u00bb css=\u00bb.vc_custom_1626176598741{margin-top: -1px !important;margin-bottom: 0px !important;padding-top: 0px !important;padding-bottom: 0px !important;}\u00bb][vc_column][vc_separator css=\u00bb.vc_custom_1626087332390{padding-bottom: 40px !important;}\u00bb][\/vc_column][\/vc_row][vc_row full_width=\u00bbstretch_row\u00bb css=\u00bb.vc_custom_1626176205852{padding-bottom: 60px !important;}\u00bb][vc_column]<h1 class=\"vcex-heading vcex-module wpex-text-2xl wpex-font-normal wpex-m-auto wpex-max-w-100 vcex-heading-plain wpex-block wpex-text-center\" data-wpex-rcss='{&quot;font-size&quot;:{&quot;d&quot;:&quot;30px&quot;,&quot;tl&quot;:&quot;30px&quot;,&quot;tp&quot;:&quot;30px&quot;,&quot;pl&quot;:&quot;20px&quot;,&quot;pp&quot;:&quot;20px&quot;}}'><span class=\"vcex-heading-inner wpex-inline-block wpex-clr\"><span class=\"green\">NUESTRA FILOSOF\u00cdA<\/span> se basa en invertir en lo que realmente importa: <span class=\"green\">\u201cOfrecerte la mejor tarifa\u201d<\/span>.\n\u00bfC\u00f3mo?; no invertimos en grandes campa\u00f1as de publicidad ni en grandes infraestructuras.<\/span><\/h1><div class=\"vcex-spacing wpex-w-100 wpex-clear\" style=\"height:40px\"><\/div><h1 class=\"vcex-heading vcex-module wpex-text-2xl wpex-font-normal wpex-m-auto wpex-max-w-100 vcex-heading-plain wpex-block wpex-text-center\" data-wpex-rcss='{&quot;font-size&quot;:{&quot;d&quot;:&quot;40px&quot;,&quot;tl&quot;:&quot;40px&quot;,&quot;tp&quot;:&quot;40px&quot;,&quot;pl&quot;:&quot;28px&quot;,&quot;pp&quot;:&quot;28px&quot;}}' style=\"color:#009640;\"><span class=\"vcex-heading-inner wpex-inline-block wpex-clr\">Ser\u00e1s t\u00fa quien hable de nosotros.<\/span><\/h1>[\/vc_column][\/vc_row][vc_row full_width=\u00bbstretch_row_content_no_spaces\u00bb css=\u00bb.vc_custom_1626176623082{margin-top: 0px !important;margin-bottom: 0px !important;padding-top: 0px !important;padding-bottom: 0px !important;}\u00bb][vc_column][vc_separator css=\u00bb.vc_custom_1626087332390{padding-bottom: 40px !important;}\u00bb][\/vc_column][\/vc_row][vc_row full_width=\u00bbstretch_row\u00bb remove_bottom_col_margin=\u00bbtrue\u00bb bg_style=\u00bbstretch\u00bb css=\u00bb.vc_custom_1626087852219{padding-top: 60px !important;padding-bottom: 60px !important;}\u00bb][vc_column]<h3 class=\"vcex-heading vcex-module wpex-text-2xl wpex-font-normal wpex-m-auto wpex-max-w-100 vcex-heading-plain wpex-block wpex-text-center\" style=\"font-size:24px;font-weight:400;\"><span class=\"vcex-heading-inner wpex-inline-block wpex-clr\">Contacta con Neologic Energ\u00eda<\/span><\/h3><div class=\"vcex-spacing wpex-w-100 wpex-clear\" style=\"height:48px\"><\/div><div class=\"textcenter theme-button-wrap wpex-clr\"><a href=\"https:\/\/neologicenergia.com\/2021web\/contacto-neologic-energia\/\" class=\"vcex-button theme-button large align-center inline hvr hvr-sink\" style=\"background:rgba(0,150,64,0.8);padding-top:20px;padding-right:28px;padding-bottom:20px;padding-left:28px;color:#ffffff;border:0px;\" data-wpex-hover='{&quot;background&quot;:&quot;rgba(40,150,88,0.8)&quot;}'><span class=\"theme-button-inner\">CONTACTAR<\/span><\/a><\/div> [\/vc_column][\/vc_row]\n","protected":false},"excerpt":{"rendered":"<p>[vc_row full_width=\u00bbstretch_row_content\u00bb content_placement=\u00bbmiddle\u00bb equal_height=\u00bbyes\u00bb remove_bottom_col_margin=\u00bbtrue\u00bb css=\u00bb.vc_custom_1626176343769{margin-top: -40px !important;}\u00bb][vc_column width=\u00bb1\/2&#8243; el_class=\u00bbDTpl5-100 DTpr5-100&#8243;][vc_row_inner content_placement=\u00bbmiddle\u00bb][vc_column_inner][vc_video link=\u00bbhttps:\/\/www.youtube.com\/watch?v=E-bsnICCWbc\u00bb align=\u00bbcenter\u00bb][vc_column_text]Neologic Energ\u00eda es una comercializadora de energ\u00eda verde que nace en 2012 con el prop\u00f3sito de ofrecer a las empresas el mayor ahorro posible en la factura&hellip;<\/p>\n","protected":false},"author":1,"featured_media":0,"parent":0,"menu_order":1,"comment_status":"closed","ping_status":"closed","template":"","meta":{"footnotes":""},"class_list":["post-73","page","type-page","status-publish","hentry","entry","no-media"],"_links":{"self":[{"href":"https:\/\/neologicenergia.com\/index.php?rest_route=\/wp\/v2\/pages\/73","targetHints":{"allow":["GET"]}}],"collection":[{"href":"https:\/\/neologicenergia.com\/index.php?rest_route=\/wp\/v2\/pages"}],"about":[{"href":"https:\/\/neologicenergia.com\/index.php?rest_route=\/wp\/v2\/types\/page"}],"author":[{"embeddable":true,"href":"https:\/\/neologicenergia.com\/index.php?rest_route=\/wp\/v2\/users\/1"}],"replies":[{"embeddable":true,"href":"https:\/\/neologicenergia.com\/index.php?rest_route=%2Fwp%2Fv2%2Fcomments&post=73"}],"version-history":[{"count":45,"href":"https:\/\/neologicenergia.com\/index.php?rest_route=\/wp\/v2\/pages\/73\/revisions"}],"predecessor-version":[{"id":502,"href":"https:\/\/neologicenergia.com\/index.php?rest_route=\/wp\/v2\/pages\/73\/revisions\/502"}],"wp:attachment":[{"href":"https:\/\/neologicenergia.com\/index.php?rest_route=%2Fwp%2Fv2%2Fmedia&parent=73"}],"curies":[{"name":"wp","href":"https:\/\/api.w.org\/{rel}","templated":true}]}}